{"id":43,"date":"2023-06-19T13:05:18","date_gmt":"2023-06-19T11:05:18","guid":{"rendered":"http:\/\/guia-prc.recursos.uoc.edu\/preguntes-frequents\/?page_id=43"},"modified":"2023-09-25T10:34:40","modified_gmt":"2023-09-25T08:34:40","slug":"4-altres-dubtes","status":"publish","type":"page","link":"http:\/\/guia-prc.recursos.uoc.edu\/preguntes-frequents\/4-altres-dubtes\/","title":{"rendered":"4. Altres dubtes"},"content":{"rendered":"<p><strong>Si tinc algun dubte amb relaci\u00f3 al conveni de pr\u00e0ctiques o si s\u2019hi ha de fer alguna modificaci\u00f3, on m\u2019he d\u2019adre\u00e7ar? <\/strong><\/p>\n<p>Els convenis els gestionen des del Servei de Pr\u00e0ctiques i Mobilitat de la UOC i us heu d\u2019adre\u00e7ar al Servei d\u2019Atenci\u00f3. A la consulta, hi heu d\u2019indicar expl\u00edcitament el nom del centre al qual feu refer\u00e8ncia i les dades necess\u00e0ries que cal modificar (nom de la tutoria, nom de la persona que t\u00e9 la representaci\u00f3 legal, etc.).<\/p>\n<p><strong>Si tinc dubtes sobre l\u2019assignatura de Pr\u00e0cticum (procediment, terminis, sol\u00b7licitud, tr\u00e0mits acad\u00e8mics, etc.), qui em pot ajudar?<\/strong><\/p>\n<p>Si, despr\u00e9s d\u2019haver-vos llegit la \u00ab<a href=\"http:\/\/guia-prc.recursos.uoc.edu\/guia-practiques-curriculars-estudiantat\/\" target=\"_blank\" rel=\"noopener\">Guia de pr\u00e0ctiques curriculars per l&#8217;estudiantat<\/a>\u00bb, la informaci\u00f3 del campus virtual i aquestes preguntes freq\u00fcents, continueu tenint dubtes gen\u00e8rics o acad\u00e8mics, us heu d\u2019adre\u00e7ar a la vostra tutoria de la UOC per tal que us pugui assessorar.<\/p>\n<div class=\"featured featured-blue\"><p>\u00abCampus \/ <em>Tr\u00e0mits<\/em> \/ <em>Pr\u00e0ctiques a empreses<\/em> \/ <em>Pr\u00e0ctiques curriculars<\/em> \/ <em>Psicologia<\/em>\u00bb.<\/p>\n<\/div>\n<p><strong>Si el centre t\u00e9 dubtes sobre com donar-se d\u2019alta a la plataforma, sobre com publicar una oferta, del proc\u00e9s a seguir o del conveni, a qui s\u2019ha d\u2019adre\u00e7ar?<\/strong><\/p>\n<p>Els centres s\u2019han d\u2019adre\u00e7ar al Servei de Pr\u00e0ctiques i Mobilitat de la UOC, per mitj\u00e0 del formulari de contacte que trobaran al final d&#8217;aquesta <a href=\"https:\/\/www.uoc.edu\/portal\/ca\/universitat\/serveis\/practiques-mobilitat\/empreses\/index.html\" target=\"_blank\" rel=\"noopener\">p\u00e0gina<\/a>.<\/p>\n","protected":false},"excerpt":{"rendered":"<p>Si tinc algun dubte amb relaci\u00f3 al conveni de pr\u00e0ctiques o si s\u2019hi ha de fer alguna modificaci\u00f3, on m\u2019he d\u2019adre\u00e7ar? Els convenis els gestionen des del Servei de Pr\u00e0ctiques i Mobilitat de la UOC i us heu d\u2019adre\u00e7ar al Servei d\u2019Atenci\u00f3. A la consulta, hi heu d\u2019indicar expl\u00edcitament el nom del centre al qual [&hellip;]<\/p>\n","protected":false},"author":1,"featured_media":0,"parent":0,"menu_order":0,"comment_status":"closed","ping_status":"closed","template":"","meta":[],"acf":[],"_links":{"self":[{"href":"http:\/\/guia-prc.recursos.uoc.edu\/preguntes-frequents\/wp-json\/wp\/v2\/pages\/43"}],"collection":[{"href":"http:\/\/guia-prc.recursos.uoc.edu\/preguntes-frequents\/wp-json\/wp\/v2\/pages"}],"about":[{"href":"http:\/\/guia-prc.recursos.uoc.edu\/preguntes-frequents\/wp-json\/wp\/v2\/types\/page"}],"author":[{"embeddable":true,"href":"http:\/\/guia-prc.recursos.uoc.edu\/preguntes-frequents\/wp-json\/wp\/v2\/users\/1"}],"replies":[{"embeddable":true,"href":"http:\/\/guia-prc.recursos.uoc.edu\/preguntes-frequents\/wp-json\/wp\/v2\/comments?post=43"}],"version-history":[{"count":11,"href":"http:\/\/guia-prc.recursos.uoc.edu\/preguntes-frequents\/wp-json\/wp\/v2\/pages\/43\/revisions"}],"predecessor-version":[{"id":100,"href":"http:\/\/guia-prc.recursos.uoc.edu\/preguntes-frequents\/wp-json\/wp\/v2\/pages\/43\/revisions\/100"}],"wp:attachment":[{"href":"http:\/\/guia-prc.recursos.uoc.edu\/preguntes-frequents\/wp-json\/wp\/v2\/media?parent=43"}],"curies":[{"name":"wp","href":"https:\/\/api.w.org\/{rel}","templated":true}]}}